{"id":454,"date":"2024-01-18T08:49:03","date_gmt":"2024-01-18T08:49:03","guid":{"rendered":"https:\/\/www.vitisantiqua1798.ch\/vitis-antiqua-1798\/"},"modified":"2025-01-23T09:57:38","modified_gmt":"2025-01-23T09:57:38","slug":"vitis-antiqua-1798","status":"publish","type":"page","link":"https:\/\/www.vitisantiqua1798.ch\/fr\/","title":{"rendered":"Vitis Antiqua 1798"},"content":{"rendered":"","protected":false},"excerpt":{"rendered":"","protected":false},"author":1,"featured_media":0,"parent":0,"menu_order":0,"comment_status":"closed","ping_status":"closed","template":"","meta":{"inline_featured_image":false,"_uag_custom_page_level_css":"","slim_seo":{"title":"Accueil Vitis Antiqua 1798","description":"C'est au c\u0153ur de la ville de Lo\u00e8che que pousse le plus vieux cep de Cornalin de Suisse. La vigne a \u00e9t\u00e9 plant\u00e9e en 1798."},"footnotes":""},"class_list":["post-454","page","type-page","status-publish","hentry"],"uagb_featured_image_src":{"full":false,"thumbnail":false,"medium":false,"medium_large":false,"large":false,"1536x1536":false,"2048x2048":false},"uagb_author_info":{"display_name":"admin","author_link":"https:\/\/www.vitisantiqua1798.ch\/fr\/author\/amdinischterviat\/"},"uagb_comment_info":0,"uagb_excerpt":null,"_links":{"self":[{"href":"https:\/\/www.vitisantiqua1798.ch\/fr\/wp-json\/wp\/v2\/pages\/454","targetHints":{"allow":["GET"]}}],"collection":[{"href":"https:\/\/www.vitisantiqua1798.ch\/fr\/wp-json\/wp\/v2\/pages"}],"about":[{"href":"https:\/\/www.vitisantiqua1798.ch\/fr\/wp-json\/wp\/v2\/types\/page"}],"author":[{"embeddable":true,"href":"https:\/\/www.vitisantiqua1798.ch\/fr\/wp-json\/wp\/v2\/users\/1"}],"replies":[{"embeddable":true,"href":"https:\/\/www.vitisantiqua1798.ch\/fr\/wp-json\/wp\/v2\/comments?post=454"}],"version-history":[{"count":1,"href":"https:\/\/www.vitisantiqua1798.ch\/fr\/wp-json\/wp\/v2\/pages\/454\/revisions"}],"predecessor-version":[{"id":479,"href":"https:\/\/www.vitisantiqua1798.ch\/fr\/wp-json\/wp\/v2\/pages\/454\/revisions\/479"}],"wp:attachment":[{"href":"https:\/\/www.vitisantiqua1798.ch\/fr\/wp-json\/wp\/v2\/media?parent=454"}],"curies":[{"name":"wp","href":"https:\/\/api.w.org\/{rel}","templated":true}]}}