{"id":455,"date":"2024-03-27T06:37:25","date_gmt":"2024-03-27T06:37:25","guid":{"rendered":"https:\/\/www.vitisantiqua1798.ch\/liens\/"},"modified":"2025-02-25T14:58:12","modified_gmt":"2025-02-25T14:58:12","slug":"liens","status":"publish","type":"page","link":"https:\/\/www.vitisantiqua1798.ch\/fr\/liens\/","title":{"rendered":"Liens"},"content":{"rendered":"\n<div class=\"wp-block-uagb-container uagb-block-3383fb89 alignfull uagb-is-root-container\"><div class=\"uagb-container-inner-blocks-wrap\"><\/div><\/div>\n\n<div class=\"wp-block-uagb-container uagb-block-4cd83463 alignfull uagb-is-root-container\"><div class=\"uagb-container-inner-blocks-wrap\">\n<div class=\"wp-block-uagb-advanced-heading uagb-block-4bc5c42b\"><h1 class=\"uagb-heading-text\">Partenaires &amp; liens<\/h1><\/div>\n<\/div><\/div>\n\n<div class=\"wp-block-uagb-container uagb-block-a4abccee alignfull uagb-is-root-container\"><div class=\"uagb-container-inner-blocks-wrap\">\n<div class=\"wp-block-uagb-container uagb-block-a00267da\">\n<div class=\"wp-block-uagb-image uagb-block-787bdaae wp-block-uagb-image--layout-default wp-block-uagb-image--effect-static wp-block-uagb-image--align-none\"><figure class=\"wp-block-uagb-image__figure\"><img decoding=\"async\" srcset=\"https:\/\/www.vitisantiqua1798.ch\/wp-content\/uploads\/2024\/03\/vitis-antiqua-links-kellereien-1024x1024.webp ,https:\/\/www.vitisantiqua1798.ch\/wp-content\/uploads\/2024\/03\/vitis-antiqua-links-kellereien.webp 780w, https:\/\/www.vitisantiqua1798.ch\/wp-content\/uploads\/2024\/03\/vitis-antiqua-links-kellereien.webp 360w\" sizes=\"auto, (max-width: 480px) 150px\" src=\"https:\/\/www.vitisantiqua1798.ch\/wp-content\/uploads\/2024\/03\/vitis-antiqua-links-kellereien-1024x1024.webp\" alt=\"Vitis Antiqua vin rouge\" class=\"uag-image-293\" width=\"1024\" height=\"1024\" title=\"\" loading=\"lazy\" role=\"img\"><\/figure><\/div>\n<\/div>\n\n\n\n<div class=\"wp-block-uagb-container uagb-block-f615483d\">\n<div class=\"wp-block-uagb-advanced-heading uagb-block-fc5f4914\"><h2 class=\"uagb-heading-text\">Caves Vitis Antiqua<\/h2><\/div>\n\n\n\n<div class=\"wp-block-uagb-container uagb-block-00c06490\">\n<p>- <a href=\"https:\/\/www.lapinede.ch\/\" target=\"_blank\" rel=\"noreferrer noopener\"> Cave de la Pin\u00e8de<\/a><br\/>- Leuker Landsknecht Weine<br\/> -<a href=\"https:\/\/www.leukersonne-jag.ch\" target=\"_blank\" rel=\"noopener\" title=\"\"> Kellerei Leukersonne<\/a><br\/> -<a href=\"https:\/\/www.vindoeuvre.ch\/de\" target=\"_blank\" rel=\"noreferrer noopener\"> Vin d'\u0153uvre<\/a><\/p>\n<\/div>\n<\/div>\n<\/div><\/div>\n\n<div class=\"wp-block-uagb-container uagb-block-5d06cadf alignfull uagb-is-root-container\"><div class=\"uagb-container-inner-blocks-wrap\">\n<div class=\"wp-block-uagb-container uagb-block-e59bc88c\">\n<div class=\"wp-block-uagb-image uagb-block-c546e8f8 wp-block-uagb-image--layout-default wp-block-uagb-image--effect-static wp-block-uagb-image--align-none\"><figure class=\"wp-block-uagb-image__figure\"><img decoding=\"async\" srcset=\"https:\/\/www.vitisantiqua1798.ch\/wp-content\/uploads\/2024\/03\/vitis-antiqua-links-kultur-1024x1024.webp ,https:\/\/www.vitisantiqua1798.ch\/wp-content\/uploads\/2024\/03\/vitis-antiqua-links-kultur.webp 780w, https:\/\/www.vitisantiqua1798.ch\/wp-content\/uploads\/2024\/03\/vitis-antiqua-links-kultur.webp 360w\" sizes=\"auto, (max-width: 480px) 150px\" src=\"https:\/\/www.vitisantiqua1798.ch\/wp-content\/uploads\/2024\/03\/vitis-antiqua-links-kultur-1024x1024.webp\" alt=\"Culture de Vitis Antiqua\" class=\"uag-image-294\" width=\"1024\" height=\"1024\" title=\"\" loading=\"lazy\" role=\"img\"><\/figure><\/div>\n<\/div>\n\n\n\n<div class=\"wp-block-uagb-container uagb-block-6bacf250\">\n<div class=\"wp-block-uagb-advanced-heading uagb-block-8defa7dd\"><h2 class=\"uagb-heading-text\">Culture<\/h2><\/div>\n\n\n\n<div class=\"wp-block-uagb-container uagb-block-c904f59a\">\n<p><a href=\"https:\/\/www.galleriagraziosagiger.ch\" target=\"_blank\" rel=\"noreferrer noopener\">- galleria graziosa giger<\/a><br\/><a href=\"https:\/\/www.kulturwallis.ch\" target=\"_blank\" rel=\"noreferrer noopener\">- Culture Valais<\/a><\/p>\n<\/div>\n<\/div>\n<\/div><\/div>\n\n<div class=\"wp-block-uagb-container uagb-block-49ec8157 alignfull uagb-is-root-container\"><div class=\"uagb-container-inner-blocks-wrap\">\n<div class=\"wp-block-uagb-container uagb-block-3672d822\">\n<div class=\"wp-block-uagb-image uagb-block-3eff8887 wp-block-uagb-image--layout-default wp-block-uagb-image--effect-static wp-block-uagb-image--align-none\"><figure class=\"wp-block-uagb-image__figure\"><img decoding=\"async\" srcset=\"https:\/\/www.vitisantiqua1798.ch\/wp-content\/uploads\/2024\/03\/vitis-antiqua-links-wallis-1024x1024.webp ,https:\/\/www.vitisantiqua1798.ch\/wp-content\/uploads\/2024\/03\/vitis-antiqua-links-wallis.webp 780w, https:\/\/www.vitisantiqua1798.ch\/wp-content\/uploads\/2024\/03\/vitis-antiqua-links-wallis.webp 360w\" sizes=\"auto, (max-width: 480px) 150px\" src=\"https:\/\/www.vitisantiqua1798.ch\/wp-content\/uploads\/2024\/03\/vitis-antiqua-links-wallis-1024x1024.webp\" alt=\"Vitis Antiqua Valais\" class=\"uag-image-292\" width=\"1024\" height=\"1024\" title=\"\" loading=\"lazy\" role=\"img\"><\/figure><\/div>\n<\/div>\n\n\n\n<div class=\"wp-block-uagb-container uagb-block-ba8e4ce7\">\n<div class=\"wp-block-uagb-advanced-heading uagb-block-e64bea30\"><h2 class=\"uagb-heading-text\">Valais<\/h2><\/div>\n\n\n\n<div class=\"wp-block-uagb-container uagb-block-9e478eae\">\n<p><a href=\"https:\/\/www.leuk.swiss\/\">- Leuk Tourisme<\/a><br\/><a href=\"https:\/\/www.leuk.ch\" target=\"_blank\" rel=\"noreferrer noopener\">- Commune de Lo\u00e8che<\/a><br\/><a href=\"https:\/\/www.schlossleuk.ch\" target=\"_blank\" rel=\"noreferrer noopener\">- Ch\u00e2teau de Lo\u00e8che<\/a><br\/><a href=\"https:\/\/www.wallis.ch\" target=\"_blank\" rel=\"noreferrer noopener\">- Valais Wallis Promotion<\/a><\/p>\n<\/div>\n<\/div>\n<\/div><\/div>\n\n<div class=\"wp-block-group has-global-padding\"><div class=\"wp-block-group__inner-container is-layout-constrained wp-block-group-is-layout-constrained\">\n<div class=\"wp-block-uagb-container uagb-block-350e11e1 alignfull uagb-is-root-container\"><div class=\"uagb-container-inner-blocks-wrap\">\n<div class=\"wp-block-uagb-container uagb-block-ed543820\">\n<div class=\"wp-block-uagb-image uagb-block-0dfd4cf0 wp-block-uagb-image--layout-default wp-block-uagb-image--effect-static wp-block-uagb-image--align-none\"><figure class=\"wp-block-uagb-image__figure\"><img decoding=\"async\" srcset=\"https:\/\/www.vitisantiqua1798.ch\/wp-content\/uploads\/2024\/01\/vitis-antiqua-box-bestellen-1024x1024.webp ,https:\/\/www.vitisantiqua1798.ch\/wp-content\/uploads\/2024\/01\/vitis-antiqua-box-bestellen.webp 780w, https:\/\/www.vitisantiqua1798.ch\/wp-content\/uploads\/2024\/01\/vitis-antiqua-box-bestellen.webp 360w\" sizes=\"auto, (max-width: 480px) 150px\" src=\"https:\/\/www.vitisantiqua1798.ch\/wp-content\/uploads\/2024\/01\/vitis-antiqua-box-bestellen-1024x1024.webp\" alt=\"Bo\u00eete Vitis Antiqua\" class=\"uag-image-47\" width=\"1024\" height=\"1024\" title=\"\" loading=\"lazy\" role=\"img\"><\/figure><\/div>\n<\/div>\n\n\n\n<div class=\"wp-block-uagb-container uagb-block-de3e96b5\">\n<div class=\"wp-block-uagb-container uagb-block-7d8e9803\">\n<div class=\"wp-block-uagb-advanced-heading uagb-block-d2e61960 vitis-h-white\"><h2 class=\"uagb-heading-text\">Notre bo\u00eete de vignerons<\/h2><\/div>\n\n\n\n<div class=\"wp-block-uagb-advanced-heading uagb-block-a365a3b1\"><h2 class=\"uagb-heading-text\">Commander maintenant<\/h2><\/div>\n<\/div>\n\n\n\n<div class=\"wp-block-uagb-container uagb-block-90dbfc83\">\n<p>Vous pouvez commander chez nous le Vitis Antiqua 1798 ou le coffret vigneron complet. Il vous suffit de s\u00e9lectionner votre vigneron : <\/p>\n\n\n\n<p>- <a href=\"https:\/\/www.lapinede.ch\/\" target=\"_blank\" rel=\"noreferrer noopener\"> Cave de la Pin\u00e8de<\/a><br\/>- Leuker Landsknecht Weine<br\/> -<a href=\"https:\/\/www.leukersonne-jag.ch\" target=\"_blank\" rel=\"noopener\" title=\"\"> Kellerei Leukersonne<\/a><br\/> -<a href=\"https:\/\/www.vindoeuvre.ch\/de\" target=\"_blank\" rel=\"noreferrer noopener\"> Vin d'\u0153uvre<\/a><\/p>\n<\/div>\n<\/div>\n<\/div><\/div>\n<\/div><\/div>\n","protected":false},"excerpt":{"rendered":"<p>Partenaires &amp; liens Caves Vitis Antiqua - Cave de la Pin\u00e8de- Leuker Landsknecht Weine - Kellerei Leukersonne - Vin d'\u0153uvre Culture - galleria graziosa giger- Culture Valais Valais - Leuk Tourisme- Commune de Lo\u00e8che- Ch\u00e2teau de Lo\u00e8che- Valais Wallis Promotion<\/p>\n","protected":false},"author":1,"featured_media":0,"parent":0,"menu_order":0,"comment_status":"closed","ping_status":"closed","template":"","meta":{"inline_featured_image":false,"_uag_custom_page_level_css":"","slim_seo":{"description":"Links rund um die Vitis Antiqua Kellereien, die Kultur und das Wallis","title":"Liens - Vitis Antiqua 1798"},"footnotes":""},"class_list":["post-455","page","type-page","status-publish","hentry"],"uagb_featured_image_src":{"full":false,"thumbnail":false,"medium":false,"medium_large":false,"large":false,"1536x1536":false,"2048x2048":false},"uagb_author_info":{"display_name":"admin","author_link":"https:\/\/www.vitisantiqua1798.ch\/fr\/author\/amdinischterviat\/"},"uagb_comment_info":0,"uagb_excerpt":"Partenaires &amp; liens Caves Vitis Antiqua - Cave de la Pin\u00e8de- Leuker Landsknecht Weine - Kellerei Leukersonne - Vin d'\u0153uvre Culture - galleria graziosa giger- Culture Valais Valais - Leuk Tourisme- Commune de Lo\u00e8che- Ch\u00e2teau de Lo\u00e8che- Valais Wallis Promotion","_links":{"self":[{"href":"https:\/\/www.vitisantiqua1798.ch\/fr\/wp-json\/wp\/v2\/pages\/455","targetHints":{"allow":["GET"]}}],"collection":[{"href":"https:\/\/www.vitisantiqua1798.ch\/fr\/wp-json\/wp\/v2\/pages"}],"about":[{"href":"https:\/\/www.vitisantiqua1798.ch\/fr\/wp-json\/wp\/v2\/types\/page"}],"author":[{"embeddable":true,"href":"https:\/\/www.vitisantiqua1798.ch\/fr\/wp-json\/wp\/v2\/users\/1"}],"replies":[{"embeddable":true,"href":"https:\/\/www.vitisantiqua1798.ch\/fr\/wp-json\/wp\/v2\/comments?post=455"}],"version-history":[{"count":2,"href":"https:\/\/www.vitisantiqua1798.ch\/fr\/wp-json\/wp\/v2\/pages\/455\/revisions"}],"predecessor-version":[{"id":494,"href":"https:\/\/www.vitisantiqua1798.ch\/fr\/wp-json\/wp\/v2\/pages\/455\/revisions\/494"}],"wp:attachment":[{"href":"https:\/\/www.vitisantiqua1798.ch\/fr\/wp-json\/wp\/v2\/media?parent=455"}],"curies":[{"name":"wp","href":"https:\/\/api.w.org\/{rel}","templated":true}]}}