{"id":461,"date":"2024-03-27T07:36:24","date_gmt":"2024-03-27T07:36:24","guid":{"rendered":"https:\/\/www.vitisantiqua1798.ch\/contact\/"},"modified":"2025-01-23T09:49:02","modified_gmt":"2025-01-23T09:49:02","slug":"contact","status":"publish","type":"page","link":"https:\/\/www.vitisantiqua1798.ch\/fr\/contact\/","title":{"rendered":"Contact"},"content":{"rendered":"\n<div class=\"wp-block-uagb-container herolegende uagb-block-3383fb89 alignfull uagb-is-root-container\"><div class=\"uagb-container-inner-blocks-wrap\">\n<p class=\"has-text-align-right\">Photo Nov. 2015 <\/p>\n<\/div><\/div>\n\n<div class=\"wp-block-uagb-container uagb-block-4cd83463 alignfull uagb-is-root-container\"><div class=\"uagb-container-inner-blocks-wrap\">\n<div class=\"wp-block-uagb-advanced-heading uagb-block-4bc5c42b\"><h1 class=\"uagb-heading-text\">Contact<\/h1><\/div>\n<\/div><\/div>\n\n<div class=\"wp-block-uagb-container uagb-block-a4abccee alignfull uagb-is-root-container\"><div class=\"uagb-container-inner-blocks-wrap\">\n<div class=\"wp-block-uagb-container uagb-block-a00267da\">\n<div class=\"wp-block-uagb-image uagb-block-787bdaae wp-block-uagb-image--layout-default wp-block-uagb-image--effect-static wp-block-uagb-image--align-none\"><figure class=\"wp-block-uagb-image__figure\"><img decoding=\"async\" srcset=\"https:\/\/www.vitisantiqua1798.ch\/wp-content\/uploads\/2024\/01\/vitis-antiqua-news-neue-website-1024x1024.webp ,https:\/\/www.vitisantiqua1798.ch\/wp-content\/uploads\/2024\/01\/vitis-antiqua-news-neue-website.webp 780w, https:\/\/www.vitisantiqua1798.ch\/wp-content\/uploads\/2024\/01\/vitis-antiqua-news-neue-website.webp 360w\" sizes=\"auto, (max-width: 480px) 150px\" src=\"https:\/\/www.vitisantiqua1798.ch\/wp-content\/uploads\/2024\/01\/vitis-antiqua-news-neue-website-1024x1024.webp\" alt=\"Sceau Bouteille Vitis Antiqua\" class=\"uag-image-58\" width=\"1024\" height=\"1024\" title=\"vitis-antiqua-news-nouveau-site\" loading=\"lazy\" role=\"img\"><\/figure><\/div>\n<\/div>\n\n\n\n<div class=\"wp-block-uagb-container uagb-block-f615483d\">\n<div class=\"wp-block-uagb-advanced-heading uagb-block-fc5f4914\"><h2 class=\"uagb-heading-text\">Vitis Antiqua GmbH<\/h2><\/div>\n\n\n\n<div class=\"wp-block-uagb-container uagb-block-9bc7d901\">\n<p>Rathausplatz 4<br\/> 3953 Lo\u00e8che-Ville<br\/><a href=\"mailto:info@vitisantiqua1798.ch\">info@vitisantiqua1798.ch<\/a><\/p>\n<\/div>\n<\/div>\n<\/div><\/div>\n\n<div class=\"wp-block-uagb-container uagb-block-5d06cadf alignfull uagb-is-root-container\"><div class=\"uagb-container-inner-blocks-wrap\">\n<div class=\"wp-block-uagb-container uagb-block-e59bc88c\">\n<div class=\"wp-block-uagb-image uagb-block-c546e8f8 wp-block-uagb-image--layout-default wp-block-uagb-image--effect-static wp-block-uagb-image--align-none\"><figure class=\"wp-block-uagb-image__figure\"><img decoding=\"async\" srcset=\"https:\/\/www.vitisantiqua1798.ch\/wp-content\/uploads\/2024\/01\/vitis-antiqua-news-kultour-1024x1024.webp ,https:\/\/www.vitisantiqua1798.ch\/wp-content\/uploads\/2024\/01\/vitis-antiqua-news-kultour.webp 780w, https:\/\/www.vitisantiqua1798.ch\/wp-content\/uploads\/2024\/01\/vitis-antiqua-news-kultour.webp 360w\" sizes=\"auto, (max-width: 480px) 150px\" src=\"https:\/\/www.vitisantiqua1798.ch\/wp-content\/uploads\/2024\/01\/vitis-antiqua-news-kultour-1024x1024.webp\" alt=\"\u00c9v\u00e9nements autour du vin Vitis Antiqua Leuk\" class=\"uag-image-57\" width=\"1024\" height=\"1024\" title=\"\" loading=\"lazy\" role=\"img\"><\/figure><\/div>\n<\/div>\n\n\n\n<div class=\"wp-block-uagb-container uagb-block-6bacf250\">\n<div class=\"wp-block-uagb-advanced-heading uagb-block-8defa7dd\"><h2 class=\"uagb-heading-text\">Billets pour le Leuker KulTour<\/h2><\/div>\n\n\n\n<div class=\"wp-block-uagb-container uagb-block-e1e9128e\">\n<p>Prochain \u00e9v\u00e9nement pr\u00e9vu pour 2026<\/p>\n\n\n\n<p><a href=\"http:\/\/www.leuk.swiss\/\" target=\"_blank\" rel=\"noreferrer noopener\">Leuk Tourismus<\/a> \/ T\u00e9l. <a href=\"tel:+41%2027%20473%2010%2094\">027 473 10 94<\/a><\/p>\n<\/div>\n<\/div>\n<\/div><\/div>\n\n<div class=\"wp-block-uagb-container uagb-block-49ec8157 alignfull uagb-is-root-container\"><div class=\"uagb-container-inner-blocks-wrap\">\n<div class=\"wp-block-uagb-container uagb-block-3672d822\">\n<div class=\"wp-block-uagb-image uagb-block-3eff8887 wp-block-uagb-image--layout-default wp-block-uagb-image--effect-static wp-block-uagb-image--align-none\"><figure class=\"wp-block-uagb-image__figure\"><img decoding=\"async\" srcset=\"https:\/\/www.vitisantiqua1798.ch\/wp-content\/uploads\/2024\/01\/news-neue-webseite-vitis-antiqua-1024x1024.webp ,https:\/\/www.vitisantiqua1798.ch\/wp-content\/uploads\/2024\/01\/news-neue-webseite-vitis-antiqua.webp 780w, https:\/\/www.vitisantiqua1798.ch\/wp-content\/uploads\/2024\/01\/news-neue-webseite-vitis-antiqua.webp 360w\" sizes=\"auto, (max-width: 480px) 150px\" src=\"https:\/\/www.vitisantiqua1798.ch\/wp-content\/uploads\/2024\/01\/news-neue-webseite-vitis-antiqua-1024x1024.webp\" alt=\"Actualit\u00e9s nouveau site web Vitis Antiqua\" class=\"uag-image-313\" width=\"1024\" height=\"1024\" title=\"new-nouveau-site-vitis-antiqua\" loading=\"lazy\" role=\"img\"><\/figure><\/div>\n<\/div>\n\n\n\n<div class=\"wp-block-uagb-container uagb-block-ba8e4ce7\">\n<div class=\"wp-block-uagb-advanced-heading uagb-block-e64bea30\"><h2 class=\"uagb-heading-text\">Conception et technologie web<\/h2><\/div>\n\n\n\n<div class=\"wp-block-uagb-container uagb-block-5b0c5ee9\">\n<p>Conception et graphisme : <a href=\"https:\/\/www.gigergraphics.ch\" target=\"_blank\" rel=\"noreferrer noopener\">www.gigergraphics.ch<\/a><\/p>\n\n\n\n<p>Technique web &amp; h\u00e9bergement : <a href=\"https:\/\/www.augensaft.com\" target=\"_blank\" rel=\"noreferrer noopener\">www.augensaft.com<\/a><\/p>\n<\/div>\n<\/div>\n<\/div><\/div>\n\n<div class=\"wp-block-group has-global-padding\"><div class=\"wp-block-group__inner-container is-layout-constrained wp-block-group-is-layout-constrained\">\n<div class=\"wp-block-uagb-container uagb-block-350e11e1 alignfull uagb-is-root-container\"><div class=\"uagb-container-inner-blocks-wrap\">\n<div class=\"wp-block-uagb-container uagb-block-ed543820\">\n<div class=\"wp-block-uagb-image uagb-block-0dfd4cf0 wp-block-uagb-image--layout-default wp-block-uagb-image--effect-static wp-block-uagb-image--align-none\"><figure class=\"wp-block-uagb-image__figure\"><img decoding=\"async\" srcset=\"https:\/\/www.vitisantiqua1798.ch\/wp-content\/uploads\/2024\/01\/vitis-antiqua-box-bestellen-1024x1024.webp ,https:\/\/www.vitisantiqua1798.ch\/wp-content\/uploads\/2024\/01\/vitis-antiqua-box-bestellen.webp 780w, https:\/\/www.vitisantiqua1798.ch\/wp-content\/uploads\/2024\/01\/vitis-antiqua-box-bestellen.webp 360w\" sizes=\"auto, (max-width: 480px) 150px\" src=\"https:\/\/www.vitisantiqua1798.ch\/wp-content\/uploads\/2024\/01\/vitis-antiqua-box-bestellen-1024x1024.webp\" alt=\"Bo\u00eete Vitis Antiqua\" class=\"uag-image-47\" width=\"1024\" height=\"1024\" title=\"\" loading=\"lazy\" role=\"img\"><\/figure><\/div>\n<\/div>\n\n\n\n<div class=\"wp-block-uagb-container uagb-block-de3e96b5\">\n<div class=\"wp-block-uagb-container uagb-block-7d8e9803\">\n<div class=\"wp-block-uagb-advanced-heading uagb-block-d2e61960 vitis-h-white\"><h2 class=\"uagb-heading-text\">Notre bo\u00eete de vignerons<\/h2><\/div>\n\n\n\n<div class=\"wp-block-uagb-advanced-heading uagb-block-a365a3b1\"><h2 class=\"uagb-heading-text\">Commander maintenant<\/h2><\/div>\n<\/div>\n\n\n\n<div class=\"wp-block-uagb-container uagb-block-90dbfc83\">\n<p>Vous pouvez commander chez nous le Vitis Antiqua 1798 ou le coffret vigneron complet. Il vous suffit de s\u00e9lectionner votre vigneron : <\/p>\n\n\n\n<p>- <a href=\"https:\/\/www.lapinede.ch\/\" target=\"_blank\" rel=\"noreferrer noopener\"> Cave de la Pin\u00e8de<\/a><br\/>- Leuker Landsknecht Weine<br\/> -<a href=\"https:\/\/www.leukersonne-jag.ch\" target=\"_blank\" rel=\"noopener\" title=\"\"> Kellerei Leukersonne<\/a><br\/> -<a href=\"https:\/\/www.vindoeuvre.ch\/de\" target=\"_blank\" rel=\"noreferrer noopener\"> Vin d'\u0153uvre<\/a><\/p>\n<\/div>\n<\/div>\n<\/div><\/div>\n<\/div><\/div>\n","protected":false},"excerpt":{"rendered":"<p>Photo Nov. 2015 Contact Vitis Antiqua GmbH Rathausplatz 4 3953 Lo\u00e8che-Villeinfo@vitisantiqua1798.ch Billets pour le Leuker KulTour Prochain \u00e9v\u00e9nement pr\u00e9vu pour 2026 Leuk Tourismus \/ T\u00e9l. 027 473 10 94 Conception et technologie web Conception et graphisme : www.gigergraphics.ch Technique web &amp; h\u00e9bergement : www.augensaft.com<\/p>\n","protected":false},"author":1,"featured_media":0,"parent":0,"menu_order":0,"comment_status":"closed","ping_status":"closed","template":"","meta":{"inline_featured_image":false,"_uag_custom_page_level_css":"","slim_seo":{"description":"Nous nous r\u00e9jouissons de votre contact. Vitis Antiqua GmbH, 3953 Lo\u00e8che-Ville.","title":"Contact - Vitis Antiqua 1798"},"footnotes":""},"class_list":["post-461","page","type-page","status-publish","hentry"],"uagb_featured_image_src":{"full":false,"thumbnail":false,"medium":false,"medium_large":false,"large":false,"1536x1536":false,"2048x2048":false},"uagb_author_info":{"display_name":"admin","author_link":"https:\/\/www.vitisantiqua1798.ch\/fr\/author\/amdinischterviat\/"},"uagb_comment_info":0,"uagb_excerpt":"Photo Nov. 2015 Contact Vitis Antiqua GmbH Rathausplatz 4 3953 Lo\u00e8che-Villeinfo@vitisantiqua1798.ch Billets pour le Leuker KulTour Prochain \u00e9v\u00e9nement pr\u00e9vu pour 2026 Leuk Tourismus \/ T\u00e9l. 027 473 10 94 Conception et technologie web Conception et graphisme : www.gigergraphics.ch Technique web &amp; h\u00e9bergement : www.augensaft.com","_links":{"self":[{"href":"https:\/\/www.vitisantiqua1798.ch\/fr\/wp-json\/wp\/v2\/pages\/461","targetHints":{"allow":["GET"]}}],"collection":[{"href":"https:\/\/www.vitisantiqua1798.ch\/fr\/wp-json\/wp\/v2\/pages"}],"about":[{"href":"https:\/\/www.vitisantiqua1798.ch\/fr\/wp-json\/wp\/v2\/types\/page"}],"author":[{"embeddable":true,"href":"https:\/\/www.vitisantiqua1798.ch\/fr\/wp-json\/wp\/v2\/users\/1"}],"replies":[{"embeddable":true,"href":"https:\/\/www.vitisantiqua1798.ch\/fr\/wp-json\/wp\/v2\/comments?post=461"}],"version-history":[{"count":1,"href":"https:\/\/www.vitisantiqua1798.ch\/fr\/wp-json\/wp\/v2\/pages\/461\/revisions"}],"predecessor-version":[{"id":462,"href":"https:\/\/www.vitisantiqua1798.ch\/fr\/wp-json\/wp\/v2\/pages\/461\/revisions\/462"}],"wp:attachment":[{"href":"https:\/\/www.vitisantiqua1798.ch\/fr\/wp-json\/wp\/v2\/media?parent=461"}],"curies":[{"name":"wp","href":"https:\/\/api.w.org\/{rel}","templated":true}]}}