{"id":463,"date":"2024-06-25T09:08:58","date_gmt":"2024-06-25T09:08:58","guid":{"rendered":"https:\/\/www.vitisantiqua1798.ch\/mentions-legales\/"},"modified":"2025-01-23T09:49:02","modified_gmt":"2025-01-23T09:49:02","slug":"mentions-legales","status":"publish","type":"page","link":"https:\/\/www.vitisantiqua1798.ch\/fr\/mentions-legales\/","title":{"rendered":"Mentions l\u00e9gales"},"content":{"rendered":"\n<div class=\"wp-block-uagb-container uagb-block-3383fb89 alignfull uagb-is-root-container\"><div class=\"uagb-container-inner-blocks-wrap\"><\/div><\/div>\n\n<div class=\"wp-block-uagb-container uagb-block-4cd83463 alignfull uagb-is-root-container\"><div class=\"uagb-container-inner-blocks-wrap\">\n<div class=\"wp-block-uagb-advanced-heading uagb-block-4bc5c42b\"><h1 class=\"uagb-heading-text\">Mentions l\u00e9gales<\/h1><\/div>\n\n\n\n<p><strong>Instance responsable :<\/strong><br\/>Vitis Antiqua GmbH<br\/>Rathausplatz 4<br\/>3953 Leuk Ville<br\/>Suisse<br\/><strong>E-mail<\/strong>: <a href=\"mailto:info@vitisantiqua1798.ch\">info@vitisantiqua1798.ch<\/a><\/p>\n\n\n\n<p><strong>Personnes autoris\u00e9es \u00e0 repr\u00e9senter l'<\/strong>entreprise<br\/>Yves Alain Zen Ruffinen<\/p>\n\n\n\n<p><strong>Nom de la soci\u00e9t\u00e9<\/strong>: Vitis Antiqua GmbH<br\/><strong>Num\u00e9ro d'enregistrement<\/strong>: CHE-101.168.074<br\/><strong>Num\u00e9ro d'identification de la taxe sur la valeur ajout\u00e9e<\/strong>: CHE-101.168.074 TVA<\/p>\n\n\n\n<p><strong>Clause de non-responsabilit\u00e9<\/strong><br\/>L'auteur ne garantit pas la v\u00e9racit\u00e9, l'exactitude, l'actualit\u00e9, la fiabilit\u00e9 et l'exhaustivit\u00e9 des informations.<br\/>L'auteur ne saurait \u00eatre tenu responsable des dommages mat\u00e9riels ou immat\u00e9riels qui pourraient \u00eatre caus\u00e9s par l'acc\u00e8s aux informations diffus\u00e9es ou par leur utilisation ou non-utilisation, par le mauvais usage de la connexion ou par des probl\u00e8mes techniques.<\/p>\n\n\n\n<p>Toutes les offres sont sans engagement. L'auteur se r\u00e9serve express\u00e9ment le droit de modifier, de compl\u00e9ter ou de supprimer des parties de pages ou l'ensemble de l'offre sans avis pr\u00e9alable, ou d'en suspendre temporairement ou d\u00e9finitivement la publication.<\/p>\n\n\n\n<p><strong>Clause de non-responsabilit\u00e9 pour les contenus et les liens<\/strong><br\/>Les r\u00e9f\u00e9rences et les liens vers des sites Web de tiers ne rel\u00e8vent pas de notre responsabilit\u00e9. Nous d\u00e9clinons toute responsabilit\u00e9 pour de tels sites. L'acc\u00e8s \u00e0 ces sites et leur utilisation se font aux risques et p\u00e9rils de l'utilisateur.<\/p>\n\n\n\n<p><strong>D\u00e9claration de droits d'auteur<\/strong><br\/>Les droits d'auteur et tous les autres droits relatifs aux contenus, images, photos ou autres fichiers figurant sur ce site Internet sont la propri\u00e9t\u00e9 exclusive de Vitis Antiqua GmbH ou des titulaires de droits sp\u00e9cialement cit\u00e9s. La reproduction de tout \u00e9l\u00e9ment doit faire l'objet d'une autorisation \u00e9crite pr\u00e9alable du titulaire des droits d'auteur.<\/p>\n\n\n\n<p><strong>Source<\/strong>: <a href=\"https:\/\/brainbox.swiss\/\">BrainBox Solutions<\/a><\/p>\n\n\n\n<div style=\"height:100px\" aria-hidden=\"true\" class=\"wp-block-spacer\"><\/div>\n\n\n\n<h2 class=\"wp-block-heading\">Conception de sites web<\/h2>\n\n\n\n<p>Giger Graphics<br\/><a href=\"http:\/\/www.gigergraphics.ch\/\" target=\"_blank\" rel=\"noreferrer noopener\">www.gigergraphics.ch<\/a><\/p>\n\n\n\n<div style=\"height:100px\" aria-hidden=\"true\" class=\"wp-block-spacer\"><\/div>\n\n\n\n<h2 class=\"wp-block-heading\">Technique de tissage<\/h2>\n\n\n\n<p>augensaft com GmbH<br\/><a href=\"https:\/\/www.augensaft.com\/\" target=\"_blank\" rel=\"noreferrer noopener\">www.augensaft.com<\/a><\/p>\n<\/div><\/div>\n","protected":false},"excerpt":{"rendered":"<p>Mentions l\u00e9gales Instance responsable :Vitis Antiqua GmbHRathausplatz 43953 Leuk VilleSuisseE-mail: info@vitisantiqua1798.ch Personnes autoris\u00e9es \u00e0 repr\u00e9senter l'entrepriseYves Alain Zen Ruffinen Nom de la soci\u00e9t\u00e9: Vitis Antiqua GmbHNum\u00e9ro d'enregistrement: CHE-101.168.074Num\u00e9ro d'identification de la taxe sur la valeur ajout\u00e9e: CHE-101.168.074 TVA Clause de non-responsabilit\u00e9L'auteur ne garantit pas la v\u00e9racit\u00e9, l'exactitude, l'actualit\u00e9, la fiabilit\u00e9 et l'exhaustivit\u00e9 des informations.L'auteur ne [&hellip;]<\/p>\n","protected":false},"author":1,"featured_media":0,"parent":0,"menu_order":0,"comment_status":"closed","ping_status":"closed","template":"","meta":{"inline_featured_image":false,"_uag_custom_page_level_css":"","slim_seo":{"title":"Mentions l\u00e9gales - Vitis Antiqua 1798","description":""},"footnotes":""},"class_list":["post-463","page","type-page","status-publish","hentry"],"uagb_featured_image_src":{"full":false,"thumbnail":false,"medium":false,"medium_large":false,"large":false,"1536x1536":false,"2048x2048":false},"uagb_author_info":{"display_name":"admin","author_link":"https:\/\/www.vitisantiqua1798.ch\/fr\/author\/amdinischterviat\/"},"uagb_comment_info":0,"uagb_excerpt":"Mentions l\u00e9gales Instance responsable :Vitis Antiqua GmbHRathausplatz 43953 Leuk VilleSuisseE-mail: info@vitisantiqua1798.ch Personnes autoris\u00e9es \u00e0 repr\u00e9senter l'entrepriseYves Alain Zen Ruffinen Nom de la soci\u00e9t\u00e9: Vitis Antiqua GmbHNum\u00e9ro d'enregistrement: CHE-101.168.074Num\u00e9ro d'identification de la taxe sur la valeur ajout\u00e9e: CHE-101.168.074 TVA Clause de non-responsabilit\u00e9L'auteur ne garantit pas la v\u00e9racit\u00e9, l'exactitude, l'actualit\u00e9, la fiabilit\u00e9 et l'exhaustivit\u00e9 des informations.L'auteur ne\u2026","_links":{"self":[{"href":"https:\/\/www.vitisantiqua1798.ch\/fr\/wp-json\/wp\/v2\/pages\/463","targetHints":{"allow":["GET"]}}],"collection":[{"href":"https:\/\/www.vitisantiqua1798.ch\/fr\/wp-json\/wp\/v2\/pages"}],"about":[{"href":"https:\/\/www.vitisantiqua1798.ch\/fr\/wp-json\/wp\/v2\/types\/page"}],"author":[{"embeddable":true,"href":"https:\/\/www.vitisantiqua1798.ch\/fr\/wp-json\/wp\/v2\/users\/1"}],"replies":[{"embeddable":true,"href":"https:\/\/www.vitisantiqua1798.ch\/fr\/wp-json\/wp\/v2\/comments?post=463"}],"version-history":[{"count":1,"href":"https:\/\/www.vitisantiqua1798.ch\/fr\/wp-json\/wp\/v2\/pages\/463\/revisions"}],"predecessor-version":[{"id":465,"href":"https:\/\/www.vitisantiqua1798.ch\/fr\/wp-json\/wp\/v2\/pages\/463\/revisions\/465"}],"wp:attachment":[{"href":"https:\/\/www.vitisantiqua1798.ch\/fr\/wp-json\/wp\/v2\/media?parent=463"}],"curies":[{"name":"wp","href":"https:\/\/api.w.org\/{rel}","templated":true}]}}