{"id":473,"date":"2024-06-25T09:11:02","date_gmt":"2024-06-25T09:11:02","guid":{"rendered":"https:\/\/www.vitisantiqua1798.ch\/protection-des-donnees\/"},"modified":"2025-01-23T15:49:49","modified_gmt":"2025-01-23T15:49:49","slug":"protection-des-donnees","status":"publish","type":"page","link":"https:\/\/www.vitisantiqua1798.ch\/fr\/protection-des-donnees\/","title":{"rendered":"Protection des donn\u00e9es"},"content":{"rendered":"\n<div class=\"wp-block-uagb-container uagb-block-3383fb89 alignfull uagb-is-root-container\"><div class=\"uagb-container-inner-blocks-wrap\"><\/div><\/div>\n\n<div class=\"wp-block-uagb-container uagb-block-4cd83463 alignfull uagb-is-root-container\"><div class=\"uagb-container-inner-blocks-wrap\">\n<h1 class=\"wp-block-heading\">D\u00e9claration de confidentialit\u00e9<\/h1>\n\n\n\n<p>Derni\u00e8re mise \u00e0 jour le : 25.06.2024<\/p>\n\n\n\n<p>Nous attachons une grande importance \u00e0 la transparence dans le traitement des donn\u00e9es personnelles. La pr\u00e9sente d\u00e9claration de confidentialit\u00e9 indique quelles donn\u00e9es personnelles nous collectons, dans quel but et \u00e0 qui nous les transmettons. Afin de garantir une grande transparence, cette d\u00e9claration de confidentialit\u00e9 est r\u00e9guli\u00e8rement revue et mise \u00e0 jour.  <\/p>\n\n\n\n<h2 class=\"wp-block-heading\">1. quels services nous utilisons<\/h2>\n\n\n\n<ul class=\"wp-block-list\">\n<li>Vimeo<\/li>\n\n\n\n<li>YouTube<\/li>\n\n\n\n<li>Compliance<\/li>\n\n\n\n<li>WordPress<\/li>\n<\/ul>\n\n\n\n<h2 class=\"wp-block-heading\">2. informations de contact<\/h2>\n\n\n\n<p>Si vous avez des questions ou des pr\u00e9occupations concernant la protection de vos donn\u00e9es par nos soins, vous pouvez nous contacter \u00e0 tout moment par e-mail \u00e0 l'adresse info@vitisantiqua1798. Le responsable du traitement des donn\u00e9es effectu\u00e9 par le biais de ce site est <\/p>\n\n\n\n<p>Vitis Antiqua GmbH<br\/>Rathausplatz 4<br\/>3953 Leuk Ville<br\/>Suisse<br\/><br\/><strong>Responsable de la protection des donn\u00e9es :<\/strong><br\/>Xavier de Werra<br\/><a href=\"mailto:info@vitisantiqua1798.ch\">info@vitisantiqua1798.ch<\/a><br\/>079 220 23 69<\/p>\n\n\n\n<h2 class=\"wp-block-heading\">3. principes g\u00e9n\u00e9raux<\/h2>\n\n\n\n<h3 class=\"wp-block-heading\">3.1 Quelles donn\u00e9es collectons-nous aupr\u00e8s de vous et qui nous les fournit ?<\/h3>\n\n\n\n<p>Nous traitons en premier lieu les donn\u00e9es personnelles que vous nous transmettez ou que nous collectons lors de l'exploitation de notre site web. Dans certaines circonstances, nous recevons \u00e9galement des donn\u00e9es personnelles vous concernant de la part de tiers. Il peut s'agir des cat\u00e9gories suivantes :  <\/p>\n\n\n\n<ul class=\"wp-block-list\">\n<li>Donn\u00e9es de base des personnes (nom, adresse, dates de naissance, etc.) ;<\/li>\n\n\n\n<li>les coordonn\u00e9es (num\u00e9ro de t\u00e9l\u00e9phone portable, adresse e-mail, etc.) ;<\/li>\n\n\n\n<li>Donn\u00e9es financi\u00e8res (par ex. coordonn\u00e9es bancaires) ;<\/li>\n\n\n\n<li>les identifiants en ligne (par exemple, les identifiants de cookies, les adresses IP) ;<\/li>\n\n\n\n<li>Donn\u00e9es de localisation et de trafic ;<\/li>\n\n\n\n<li>Enregistrements sonores et visuels ;<\/li>\n\n\n\n<li>les donn\u00e9es sensibles (par exemple, les donn\u00e9es biom\u00e9triques ou les informations sur votre sant\u00e9).<\/li>\n<\/ul>\n\n\n\n<h3 class=\"wp-block-heading\">3.2 Dans quelles conditions traitons-nous vos donn\u00e9es ?<\/h3>\n\n\n\n<p>Nous traitons vos donn\u00e9es de mani\u00e8re confidentielle et conform\u00e9ment aux finalit\u00e9s d\u00e9finies dans la pr\u00e9sente d\u00e9claration de confidentialit\u00e9. Nous veillons \u00e0 ce que le traitement soit transparent et proportionn\u00e9. <br\/><br\/>Si, exceptionnellement, nous ne sommes pas en mesure de respecter ces principes, le traitement des donn\u00e9es peut tout de m\u00eame \u00eatre licite parce qu'il existe un motif justificatif. Le motif justificatif peut \u00eatre notamment <\/p>\n\n\n\n<ul class=\"wp-block-list\">\n<li>votre consentement ;<\/li>\n\n\n\n<li>l'ex\u00e9cution d'un contrat ou de mesures pr\u00e9contractuelles ;<\/li>\n\n\n\n<li>nos int\u00e9r\u00eats l\u00e9gitimes, \u00e0 moins que vos int\u00e9r\u00eats ne pr\u00e9valent.<\/li>\n<\/ul>\n\n\n\n<h3 class=\"wp-block-heading\">3.3 Comment pouvez-vous retirer votre consentement ?<\/h3>\n\n\n\n<p>Si vous nous avez donn\u00e9 votre consentement au traitement de vos donn\u00e9es personnelles \u00e0 des fins sp\u00e9cifiques, nous traitons vos donn\u00e9es dans le cadre de ce consentement, sauf si nous avons un autre motif de justification.<br\/><br\/>Vous avez la possibilit\u00e9 de r\u00e9voquer votre consentement \u00e0 tout moment en envoyant un e-mail \u00e0 l'adresse indiqu\u00e9e dans les mentions l\u00e9gales. Les traitements de donn\u00e9es d\u00e9j\u00e0 effectu\u00e9s ne sont pas concern\u00e9s. <\/p>\n\n\n\n<h3 class=\"wp-block-heading\">3.4 Dans quels cas pouvons-nous transmettre vos donn\u00e9es \u00e0 des tiers ?<\/h3>\n\n\n\n<h4 class=\"wp-block-heading\">a. Principe<\/h4>\n\n\n\n<p>Nous pouvons \u00eatre amen\u00e9s \u00e0 recourir aux services de tiers ou de soci\u00e9t\u00e9s affili\u00e9es et \u00e0 leur confier le traitement de vos donn\u00e9es (appel\u00e9s sous-traitants). Les cat\u00e9gories de destinataires sont notamment : <\/p>\n\n\n\n<ul class=\"wp-block-list\">\n<li>Comptabilit\u00e9, fiduciaire et soci\u00e9t\u00e9 de r\u00e9vision ;<\/li>\n\n\n\n<li>Soci\u00e9t\u00e9s de conseil (juridique, fiscal, etc.) ;<\/li>\n\n\n\n<li>Fournisseurs de services informatiques (h\u00e9bergement web, support, services cloud, conception de sites web, etc \ud83d\ude09<\/li>\n\n\n\n<li>Prestataire de services de paiement ;<\/li>\n\n\n\n<li>Fournisseur de services de suivi, de conversion et de publicit\u00e9.<\/li>\n<\/ul>\n\n\n\n<p>Nous veillons \u00e0 ce que ces tiers et nos soci\u00e9t\u00e9s affili\u00e9es respectent les conditions de la protection des donn\u00e9es et traitent vos donn\u00e9es personnelles de mani\u00e8re confidentielle.<br\/><br\/>Nous pouvons \u00e9galement \u00eatre tenus de divulguer vos donn\u00e9es personnelles aux autorit\u00e9s.<\/p>\n\n\n\n<h4 class=\"wp-block-heading\">b. Visite de nos canaux de m\u00e9dias sociaux<\/h4>\n\n\n\n<p>Il se peut que nous ayons int\u00e9gr\u00e9 sur notre site des liens vers nos canaux de m\u00e9dias sociaux. Vous pouvez le voir (g\u00e9n\u00e9ralement via des ic\u00f4nes). Si vous cliquez sur ces ic\u00f4nes, vous serez redirig\u00e9 vers nos canaux de m\u00e9dias sociaux.  <br\/><br\/>Dans ce cas, les fournisseurs de m\u00e9dias sociaux sont inform\u00e9s que vous acc\u00e9dez \u00e0 leur plate-forme depuis notre site web. Les fournisseurs de m\u00e9dias sociaux peuvent utiliser les donn\u00e9es ainsi collect\u00e9es \u00e0 leurs propres fins. Nous attirons votre attention sur le fait que nous n'avons pas connaissance du contenu des donn\u00e9es transmises ni de leur utilisation par les op\u00e9rateurs.  <\/p>\n\n\n\n<h4 class=\"wp-block-heading\">c. Transfert \u00e0 l'\u00e9tranger<\/h4>\n\n\n\n<p>Dans certaines circonstances, le traitement des commandes peut impliquer le transfert de vos donn\u00e9es personnelles \u00e0 des entreprises \u00e0 l'\u00e9tranger. Ces entreprises sont tenues de respecter la protection des donn\u00e9es dans la m\u00eame mesure que nous. Le transfert peut avoir lieu dans le monde entier.  <br\/><br\/>Si le niveau de protection des donn\u00e9es n'est pas \u00e9quivalent \u00e0 celui de la Suisse, nous proc\u00e9dons \u00e0 une \u00e9valuation pr\u00e9alable des risques et nous nous assurons par contrat que le m\u00eame niveau de protection qu'en Suisse est garanti (par exemple, au moyen des nouvelles clauses contractuelles types de la Commission europ\u00e9enne ou d'autres mesures prescrites par la loi). Si notre \u00e9valuation des risques s'av\u00e8re n\u00e9gative, nous prenons des mesures techniques suppl\u00e9mentaires pour prot\u00e9ger vos donn\u00e9es. Vous pouvez consulter les clauses contractuelles types de la Commission europ\u00e9enne en cliquant sur le lien suivant. https:\/\/commission.europa.eu\/publications\/standard-contractual-clauses-controllers-and-processors-eueea_de   <\/p>\n\n\n\n<h3 class=\"wp-block-heading\">3.5 Combien de temps conservons-nous vos donn\u00e9es ?<\/h3>\n\n\n\n<p>Nous ne conservons les donn\u00e9es \u00e0 caract\u00e8re personnel que le temps n\u00e9cessaire \u00e0 la r\u00e9alisation des diff\u00e9rentes finalit\u00e9s pour lesquelles les donn\u00e9es ont \u00e9t\u00e9 collect\u00e9es.<br\/><br\/>Les donn\u00e9es que nous enregistrons lors de votre visite sur notre site web sont conserv\u00e9es pendant douze mois. Une exception s'applique aux donn\u00e9es d'analyse et de suivi qui peuvent \u00eatre conserv\u00e9es plus longtemps. <br\/><br\/>Nous conservons les donn\u00e9es contractuelles plus longtemps car nous y sommes tenus par la loi. Nous devons notamment conserver les communications commerciales, les contrats conclus et les documents comptables pendant une dur\u00e9e maximale de 10 ans. Dans la mesure o\u00f9 nous n'avons plus besoin de telles donn\u00e9es de votre part pour l'ex\u00e9cution des services, les donn\u00e9es sont bloqu\u00e9es et nous ne les utilisons plus qu'\u00e0 des fins de facturation et \u00e0 des fins fiscales.  <\/p>\n\n\n\n<h3 class=\"wp-block-heading\">3.6 Comment prot\u00e9geons-nous vos donn\u00e9es ?<\/h3>\n\n\n\n<p>Nous conserverons vos donn\u00e9es en toute s\u00e9curit\u00e9 et prendrons toutes les mesures raisonnables pour prot\u00e9ger vos donn\u00e9es contre toute perte, acc\u00e8s, utilisation abusive ou modification.<br\/><br\/>Nos partenaires contractuels et nos collaborateurs qui ont acc\u00e8s \u00e0 vos donn\u00e9es sont tenus de respecter les dispositions l\u00e9gales relatives \u00e0 la protection des donn\u00e9es. Dans certains cas, il sera n\u00e9cessaire que nous transmettions vos demandes \u00e0 des entreprises qui nous sont li\u00e9es. Dans ces cas \u00e9galement, vos donn\u00e9es seront trait\u00e9es de mani\u00e8re confidentielle.  <br\/><br\/>Sur notre site Internet, nous utilisons le proc\u00e9d\u00e9 SSL (Secure Socket Layer) en combinaison avec le niveau de cryptage le plus \u00e9lev\u00e9 support\u00e9 par votre navigateur.<\/p>\n\n\n\n<h3 class=\"wp-block-heading\">3.7 Quels sont vos droits ?<\/h3>\n\n\n\n<h4 class=\"wp-block-heading\">a. Droit d'acc\u00e8s<\/h4>\n\n\n\n<p>Vous pouvez \u00e0 tout moment demander des informations sur les donn\u00e9es que nous d\u00e9tenons \u00e0 votre sujet. Nous vous prions d'envoyer votre demande d'acc\u00e8s accompagn\u00e9e d'une preuve d'identit\u00e9 \u00e0 info@vitisantiqua1798. <br\/><br\/>Vous avez \u00e9galement le droit de recevoir vos donn\u00e9es dans un format de fichier courant lorsque nous traitons vos donn\u00e9es de mani\u00e8re automatis\u00e9e, et lorsque :<\/p>\n\n\n\n<ul class=\"wp-block-list\">\n<li>vous avez donn\u00e9 votre consentement pour le traitement de ces donn\u00e9es ; ou<\/li>\n\n\n\n<li>vous avez communiqu\u00e9 des donn\u00e9es dans le cadre de la conclusion ou de l'ex\u00e9cution d'un contrat.<\/li>\n<\/ul>\n\n\n\n<p>Nous pouvons limiter ou refuser l'acc\u00e8s ou la fourniture de donn\u00e9es si cela va \u00e0 l'encontre de nos obligations l\u00e9gales, de nos propres int\u00e9r\u00eats l\u00e9gitimes ou de l'int\u00e9r\u00eat public ou des int\u00e9r\u00eats d'un tiers.<br\/><br\/>Le traitement de votre demande est soumis au d\u00e9lai de traitement l\u00e9gal de 30 jours. Nous pouvons toutefois prolonger ce d\u00e9lai en raison d'un volume \u00e9lev\u00e9 de demandes, pour des raisons juridiques ou techniques ou parce que nous avons besoin de plus amples informations de votre part. Vous serez inform\u00e9 de la prolongation du d\u00e9lai en temps utile, au moins sous forme de texte.  <\/p>\n\n\n\n<h4 class=\"wp-block-heading\">b. Suppression et rectification<\/h4>\n\n\n\n<p>Vous avez la possibilit\u00e9 de demander \u00e0 tout moment l'effacement ou la rectification de vos donn\u00e9es. Nous pouvons rejeter la demande si des dispositions l\u00e9gales nous obligent \u00e0 conserver les donn\u00e9es plus longtemps ou sans les modifier, ou si un motif d'autorisation s'oppose \u00e0 votre demande. <br\/><br\/>Veuillez noter que l'exercice de vos droits peut \u00eatre en conflit avec les dispositions contractuelles et avoir des cons\u00e9quences sur l'ex\u00e9cution du contrat (par exemple, r\u00e9siliation anticip\u00e9e du contrat ou cons\u00e9quences financi\u00e8res).<\/p>\n\n\n\n<h4 class=\"wp-block-heading\">c. Voies de recours<\/h4>\n\n\n\n<p>Si vous \u00eates concern\u00e9 par le traitement de donn\u00e9es \u00e0 caract\u00e8re personnel, vous avez le droit de faire valoir vos droits en justice ou de d\u00e9poser une notification aupr\u00e8s de l'autorit\u00e9 de surveillance comp\u00e9tente. L'autorit\u00e9 de contr\u00f4le comp\u00e9tente en Suisse est le Pr\u00e9pos\u00e9 f\u00e9d\u00e9ral \u00e0 la protection des donn\u00e9es et \u00e0 la transparence : https:\/\/www.edoeb.admin.ch <\/p>\n\n\n\n<h3 class=\"wp-block-heading\">3.8 Modifications de la d\u00e9claration de confidentialit\u00e9<\/h3>\n\n\n\n<p>Nous pouvons modifier la pr\u00e9sente d\u00e9claration de confidentialit\u00e9 \u00e0 tout moment. Les modifications seront publi\u00e9es sur www.vitisantiqua1798 et vous n'en serez pas inform\u00e9 s\u00e9par\u00e9ment. <\/p>\n\n\n\n<h2 class=\"wp-block-heading\">4. op\u00e9rations individuelles de traitement des donn\u00e9es<\/h2>\n\n\n\n<h3 class=\"wp-block-heading\">4.1 Mise \u00e0 disposition du site web et cr\u00e9ation de fichiers journaux<\/h3>\n\n\n\n<h4 class=\"wp-block-heading\">Quelles informations recevons-nous et comment les utilisons-nous ?<\/h4>\n\n\n\n<p>Lorsque vous visitez www.vitisantiqua1798, certaines donn\u00e9es sont automatiquement enregistr\u00e9es sur nos serveurs ou sur les serveurs des services et produits que nous achetons et\/ou installons, \u00e0 des fins d'administration du syst\u00e8me, de statistiques, de sauvegarde ou de suivi. Il s'agit de : <\/p>\n\n\n\n<ul class=\"wp-block-list\">\n<li>le nom de votre fournisseur d'acc\u00e8s \u00e0 Internet ;<\/li>\n\n\n\n<li>votre adresse IP (dans certaines circonstances) ;<\/li>\n\n\n\n<li>la version de votre logiciel de navigation ;<\/li>\n\n\n\n<li>le syst\u00e8me d'exploitation de l'ordinateur utilis\u00e9 pour acc\u00e9der \u00e0 l'URL ;<\/li>\n\n\n\n<li>la date et l'heure de l'acc\u00e8s ;<\/li>\n\n\n\n<li>la page web \u00e0 partir de laquelle vous visitez URL ;<\/li>\n\n\n\n<li>les mots de recherche que vous avez utilis\u00e9s pour trouver l'URL.<\/li>\n<\/ul>\n\n\n\n<h4 class=\"wp-block-heading\">Pourquoi pouvons-nous traiter ces donn\u00e9es ?<\/h4>\n\n\n\n<p>Ces donn\u00e9es ne peuvent pas \u00eatre attribu\u00e9es \u00e0 une personne en particulier et aucun regroupement de ces donn\u00e9es avec d'autres sources de donn\u00e9es n'a lieu. Le stockage des fichiers journaux est effectu\u00e9 afin de garantir le bon fonctionnement du site web et d'assurer la s\u00e9curit\u00e9 de nos syst\u00e8mes informatiques. Il s'agit l\u00e0 de notre int\u00e9r\u00eat l\u00e9gitime.  <\/p>\n\n\n\n<h4 class=\"wp-block-heading\">Comment emp\u00eacher la collecte de donn\u00e9es ?<\/h4>\n\n\n\n<p>Les donn\u00e9es ne sont conserv\u00e9es que le temps n\u00e9cessaire \u00e0 la r\u00e9alisation de l'objectif de leur collecte. En cons\u00e9quence, les donn\u00e9es sont supprim\u00e9es \u00e0 la fin de chaque session. Le stockage des fichiers journaux est obligatoire pour le fonctionnement du site web, vous n'avez donc pas la possibilit\u00e9 de vous y opposer.  <\/p>\n\n\n\n<h3 class=\"wp-block-heading\">4.2 Vimeo<\/h3>\n\n\n\n<p>Vimeo est un service de Vimeo Inc, 555 West 18th Street, New York, New York 10011, \u00c9tats-Unis. Vimeo est une plateforme qui permet aux utilisateurs de t\u00e9l\u00e9charger, de partager et de regarder des vid\u00e9os. Elle offre \u00e9galement diff\u00e9rents outils aux producteurs de vid\u00e9os pour mon\u00e9tiser leur contenu et interagir avec leur public.<br\/><br\/>Nous utilisons Vimeo pour int\u00e9grer des vid\u00e9os sur notre site et fournir \u00e0 nos visiteurs un contenu visuel de qualit\u00e9. Il peut s'agir de pr\u00e9sentations de produits, de tutoriels ou d'autres contenus pertinents pour nos utilisateurs. En int\u00e9grant des vid\u00e9os Vimeo, nos visiteurs peuvent les regarder directement sur notre site sans \u00eatre redirig\u00e9s vers la plateforme Vimeo.  <br\/><br\/>Lorsque vous consultez une page web de notre site Internet qui contient une vid\u00e9o Vimeo, votre navigateur \u00e9tablit une connexion directe avec les serveurs de Vimeo. Certaines informations sont alors transmises \u00e0 Vimeo. Cela inclut l'adresse IP de l'utilisateur. Vimeo utilise \u00e9galement des cookies et des technologies similaires pour collecter des informations sur l'utilisation du service et pour am\u00e9liorer l'exp\u00e9rience de l'utilisateur.   <\/p>\n\n\n\n<h3 class=\"wp-block-heading\">4.3 YouTube<\/h3>\n\n\n\n<p>Notre site web contient des vid\u00e9os de YouTube, une plateforme de Google LLC (1600 Amphitheatre Parkway, Mountain View, CA 94043, USA ; \"Google\"). Lors de l'affichage des vid\u00e9os ou lorsque vous cliquez sur le bouton de lecture, des donn\u00e9es, y compris votre adresse IP et des informations sur le navigateur que vous utilisez, sont transmises aux serveurs de Google et y sont stock\u00e9es. Ces donn\u00e9es sont utilis\u00e9es pour fournir la vid\u00e9o, surveiller les performances et am\u00e9liorer l'exp\u00e9rience de l'utilisateur.  <br\/><br\/>Si vous \u00eates connect\u00e9 \u00e0 votre compte YouTube, vous permettez \u00e0 YouTube d'associer votre comportement de navigation directement \u00e0 votre profil personnel. Vous pouvez emp\u00eacher cela en vous d\u00e9connectant de votre compte YouTube. <\/p>\n\n\n\n<h3 class=\"wp-block-heading\">4.4 Conformit\u00e9<\/h3>\n\n\n\n<p>Nous utilisons le service \"Complianz\" sur notre site web, qui est fourni par Really Simple Plugins, Keizersgracht 221, 1016 DV Amsterdam, Pays-Bas. Complianz est un outil qui nous aide \u00e0 g\u00e9n\u00e9rer des avis de cookies conformes \u00e0 la protection des donn\u00e9es et \u00e0 obtenir le consentement de nos utilisateurs pour l'utilisation de cookies et d'autres technologies de suivi conform\u00e9ment aux dispositions l\u00e9gales. <br\/><br\/>Gr\u00e2ce \u00e0 Complianz, nous nous assurons que les visiteurs de notre site web sont inform\u00e9s de l'utilisation des cookies et qu'ils ont la possibilit\u00e9 de donner ou de refuser leur consentement pour certaines cat\u00e9gories de cookies. Cela permet aux utilisateurs de d\u00e9cider activement quels cookies ils souhaitent autoriser ou non. <br\/><br\/>Complianz utilise des cookies pour stocker les choix et les pr\u00e9f\u00e9rences des utilisateurs concernant le consentement aux cookies. Ces cookies ne stockent pas de donn\u00e9es personnelles, mais uniquement les choix effectu\u00e9s par les utilisateurs. <br\/><br\/>Complianz attache une grande importance \u00e0 la protection des donn\u00e9es et au respect de la l\u00e9gislation sur la protection des donn\u00e9es. Les donn\u00e9es collect\u00e9es par Complianz sont utilis\u00e9es exclusivement pour sauvegarder les param\u00e8tres de cookies des utilisateurs et ne sont pas transmises \u00e0 des tiers. <\/p>\n\n\n\n<h3 class=\"wp-block-heading\">4.5 WordPress<\/h3>\n\n\n\n<p>Notre site web est bas\u00e9 sur la plate-forme WordPress, un syst\u00e8me de gestion de contenu d\u00e9velopp\u00e9 par Automattic Inc, 60 29th Street #343, San Francisco, CA 94110, \u00c9tats-Unis. WordPress nous permet de cr\u00e9er, de g\u00e9rer et de publier du contenu.<br\/><br\/>Lorsque vous utilisez notre site web bas\u00e9 sur WordPress, diverses donn\u00e9es peuvent \u00eatre collect\u00e9es et stock\u00e9es, y compris votre adresse IP, la date et l'heure d'acc\u00e8s, ainsi que des informations sur le navigateur que vous utilisez. Ces donn\u00e9es sont principalement utilis\u00e9es \u00e0 des fins administratives et pour assurer le bon fonctionnement du site. <br\/><br\/>Certaines fonctionnalit\u00e9s de WordPress, comme les commentaires ou les formulaires de contact, peuvent collecter des informations personnelles suppl\u00e9mentaires lorsque vous les utilisez.<\/p>\n\n\n\n<h3 class=\"wp-block-heading\">G\u00e9n\u00e9rateurs BrainBox<\/h3>\n\n\n\n<p>BrainBox Generators est un service de <a href=\"https:\/\/brainbox.swiss\/\" rel=\"noreferrer noopener\" target=\"_blank\">BrainBox Solutions GmbH<\/a> qui permet d'identifier tous les services relatifs \u00e0 la protection des donn\u00e9es sur un site Web et d'aider ainsi, entre autres, \u00e0 l'\u00e9laboration de la d\u00e9claration de confidentialit\u00e9. Aucune donn\u00e9e personnelle n'est collect\u00e9e ou trait\u00e9e. <\/p>\n<\/div><\/div>\n","protected":false},"excerpt":{"rendered":"<p>D\u00e9claration de confidentialit\u00e9 Derni\u00e8re mise \u00e0 jour le : 25.06.2024 Nous attachons une grande importance \u00e0 la transparence dans le traitement des donn\u00e9es personnelles. La pr\u00e9sente d\u00e9claration de confidentialit\u00e9 indique quelles donn\u00e9es personnelles nous collectons, dans quel but et \u00e0 qui nous les transmettons. Afin de garantir une grande transparence, cette d\u00e9claration de confidentialit\u00e9 est [&hellip;]<\/p>\n","protected":false},"author":1,"featured_media":0,"parent":0,"menu_order":0,"comment_status":"closed","ping_status":"closed","template":"","meta":{"inline_featured_image":false,"_uag_custom_page_level_css":"","slim_seo":{"title":"Protection des donn\u00e9es - Vitis Antiqua 1798","description":""},"footnotes":""},"class_list":["post-473","page","type-page","status-publish","hentry"],"uagb_featured_image_src":{"full":false,"thumbnail":false,"medium":false,"medium_large":false,"large":false,"1536x1536":false,"2048x2048":false},"uagb_author_info":{"display_name":"admin","author_link":"https:\/\/www.vitisantiqua1798.ch\/fr\/author\/amdinischterviat\/"},"uagb_comment_info":0,"uagb_excerpt":"D\u00e9claration de confidentialit\u00e9 Derni\u00e8re mise \u00e0 jour le : 25.06.2024 Nous attachons une grande importance \u00e0 la transparence dans le traitement des donn\u00e9es personnelles. La pr\u00e9sente d\u00e9claration de confidentialit\u00e9 indique quelles donn\u00e9es personnelles nous collectons, dans quel but et \u00e0 qui nous les transmettons. Afin de garantir une grande transparence, cette d\u00e9claration de confidentialit\u00e9 est\u2026","_links":{"self":[{"href":"https:\/\/www.vitisantiqua1798.ch\/fr\/wp-json\/wp\/v2\/pages\/473","targetHints":{"allow":["GET"]}}],"collection":[{"href":"https:\/\/www.vitisantiqua1798.ch\/fr\/wp-json\/wp\/v2\/pages"}],"about":[{"href":"https:\/\/www.vitisantiqua1798.ch\/fr\/wp-json\/wp\/v2\/types\/page"}],"author":[{"embeddable":true,"href":"https:\/\/www.vitisantiqua1798.ch\/fr\/wp-json\/wp\/v2\/users\/1"}],"replies":[{"embeddable":true,"href":"https:\/\/www.vitisantiqua1798.ch\/fr\/wp-json\/wp\/v2\/comments?post=473"}],"version-history":[{"count":2,"href":"https:\/\/www.vitisantiqua1798.ch\/fr\/wp-json\/wp\/v2\/pages\/473\/revisions"}],"predecessor-version":[{"id":489,"href":"https:\/\/www.vitisantiqua1798.ch\/fr\/wp-json\/wp\/v2\/pages\/473\/revisions\/489"}],"wp:attachment":[{"href":"https:\/\/www.vitisantiqua1798.ch\/fr\/wp-json\/wp\/v2\/media?parent=473"}],"curies":[{"name":"wp","href":"https:\/\/api.w.org\/{rel}","templated":true}]}}