{"id":477,"date":"2024-01-17T14:27:17","date_gmt":"2024-01-17T14:27:17","guid":{"rendered":"https:\/\/www.vitisantiqua1798.ch\/la-vieille-vigne\/"},"modified":"2025-01-23T09:51:57","modified_gmt":"2025-01-23T09:51:57","slug":"la-vieille-vigne","status":"publish","type":"page","link":"https:\/\/www.vitisantiqua1798.ch\/fr\/la-vieille-vigne\/","title":{"rendered":"La vieille vigne"},"content":{"rendered":"\n<div class=\"wp-block-uagb-container uagb-block-3383fb89 alignfull uagb-is-root-container\"><div class=\"uagb-container-inner-blocks-wrap\"><\/div><\/div>\n\n<div class=\"wp-block-uagb-container uagb-block-ba52dfb3 alignfull uagb-is-root-container\"><div class=\"uagb-container-inner-blocks-wrap\">\n<h1 class=\"wp-block-heading\">Le Mutterstock \u00e0 Lo\u00e8che<\/h1>\n\n\n\n<p>En 2003, des scientifiques des stations de recherche de W\u00e4denswil et de Birmensdorf ont confirm\u00e9, sur la base d'analyses de biologie mol\u00e9culaire, que la \"vieille vigne\" \u00e9tait un Cornalin plant\u00e9 en 1798, c'est-\u00e0-dire le plus vieux c\u00e9page Cornalin encore vivant en Suisse. Aujourd'hui encore, le pied-m\u00e8re donne un rendement au moment de la r\u00e9colte. <\/p>\n<\/div><\/div>\n\n<div class=\"wp-block-uagb-container uagb-block-4cd83463 alignfull uagb-is-root-container\"><div class=\"uagb-container-inner-blocks-wrap\">\n<div class=\"wp-block-uagb-advanced-heading uagb-block-4bc5c42b\"><h1 class=\"uagb-heading-text\">Histoire<\/h1><\/div>\n<\/div><\/div>\n\n<div class=\"wp-block-uagb-container uagb-block-a4abccee alignfull uagb-is-root-container\"><div class=\"uagb-container-inner-blocks-wrap\">\n<div class=\"wp-block-uagb-container uagb-block-a00267da\">\n<div class=\"wp-block-uagb-image uagb-block-787bdaae wp-block-uagb-image--layout-default wp-block-uagb-image--effect-static wp-block-uagb-image--align-none\"><figure class=\"wp-block-uagb-image__figure\"><img decoding=\"async\" srcset=\"https:\/\/www.vitisantiqua1798.ch\/wp-content\/uploads\/2024\/03\/rebe-allet-haus-vitis-antiqua-1024x1024.webp ,https:\/\/www.vitisantiqua1798.ch\/wp-content\/uploads\/2024\/03\/rebe-allet-haus-vitis-antiqua.webp 780w, https:\/\/www.vitisantiqua1798.ch\/wp-content\/uploads\/2024\/03\/rebe-allet-haus-vitis-antiqua.webp 360w\" sizes=\"auto, (max-width: 480px) 150px\" src=\"https:\/\/www.vitisantiqua1798.ch\/wp-content\/uploads\/2024\/03\/rebe-allet-haus-vitis-antiqua-1024x1024.webp\" alt=\"Allet Haus \u00e0 Lo\u00e8che avec une vieille vigne\" class=\"uag-image-81\" width=\"1024\" height=\"1024\" title=\"\" loading=\"lazy\" role=\"img\"><\/figure><\/div>\n<\/div>\n\n\n\n<div class=\"wp-block-uagb-container uagb-block-f615483d\">\n<div class=\"wp-block-uagb-advanced-heading uagb-block-fc5f4914\"><h2 class=\"uagb-heading-text\">La cr\u00e9ation de Vitis Antiqua en 1798<\/h2><\/div>\n\n\n\n<p>En 1999, six producteurs de vin de la commune de Lo\u00e8che s'associent pour produire ensemble un vin exceptionnel \u00e0 partir de la vigne vieille de plus de 200 ans situ\u00e9e devant la maison Allet.<br\/>En 2000, le groupement d'int\u00e9r\u00eat donne naissance \u00e0 l'association Vitis Antiqua 1798. Une excellente parcelle de vigne devient le jardin m\u00e8re. Environ 1000 ceps y sont plant\u00e9s au printemps, des descendants de la \"vieille vigne\". Parall\u00e8lement, chaque viticulteur plante de nouvelles jeunes vignes issues de la souche m\u00e8re dans ses propres vignobles. Bien que chacun soit responsable de l'entretien de ses propres vignes, la date de r\u00e9colte annuelle est fix\u00e9e en commun et tous les raisins sont encav\u00e9s ensemble.    <br\/><br\/>Le premier mill\u00e9sime du Cornalin Vitis Antiqua 1798 a \u00e9t\u00e9 vinifi\u00e9 en 2004.<\/p>\n<\/div>\n<\/div><\/div>\n\n<div class=\"wp-block-uagb-container uagb-block-314a1d5f alignfull uagb-is-root-container\"><div class=\"uagb-container-inner-blocks-wrap\">\n<div class=\"wp-block-uagb-advanced-heading uagb-block-47387478\"><h1 class=\"uagb-heading-text\">\u00c0 propos du c\u00e9page<\/h1><\/div>\n<\/div><\/div>\n\n<div class=\"wp-block-uagb-container uagb-block-5d06cadf alignfull uagb-is-root-container\"><div class=\"uagb-container-inner-blocks-wrap\">\n<div class=\"wp-block-uagb-container uagb-block-e59bc88c\">\n<div class=\"wp-block-uagb-image uagb-block-c546e8f8 wp-block-uagb-image--layout-default wp-block-uagb-image--effect-static wp-block-uagb-image--align-none\"><figure class=\"wp-block-uagb-image__figure\"><img decoding=\"async\" srcset=\"https:\/\/www.vitisantiqua1798.ch\/wp-content\/uploads\/2024\/03\/rebe-wimden-vitis-antiqua-1024x1024.webp ,https:\/\/www.vitisantiqua1798.ch\/wp-content\/uploads\/2024\/03\/rebe-wimden-vitis-antiqua.webp 780w, https:\/\/www.vitisantiqua1798.ch\/wp-content\/uploads\/2024\/03\/rebe-wimden-vitis-antiqua.webp 360w\" sizes=\"auto, (max-width: 480px) 150px\" src=\"https:\/\/www.vitisantiqua1798.ch\/wp-content\/uploads\/2024\/03\/rebe-wimden-vitis-antiqua-1024x1024.webp\" alt=\"Vignerons au travail dans les vignes  \" class=\"uag-image-84\" width=\"1024\" height=\"1024\" title=\"\" loading=\"lazy\" role=\"img\"><\/figure><\/div>\n<\/div>\n\n\n\n<div class=\"wp-block-uagb-container uagb-block-6bacf250\">\n<div class=\"wp-block-uagb-advanced-heading uagb-block-8defa7dd\"><h2 class=\"uagb-heading-text\">Sur l'origine<\/h2><\/div>\n\n\n\n<p>Le Cornalin est l'un des plus anciens c\u00e9pages plant\u00e9s en Valais. Sa pr\u00e9sence est attest\u00e9e d\u00e8s le d\u00e9but du XIVe si\u00e8cle, au haut Moyen \u00c2ge. A l'\u00e9poque, il s'appelait encore \"Neyrum\", sans doute en raison de la couleur intense, presque noire, du vin qui en \u00e9tait issu. Mais ce n'est qu'il y a un peu plus de trois d\u00e9cennies que ce c\u00e9page a re\u00e7u son nom actuel : en 1972, celui qu'on appelait jusque-l\u00e0 \"alter Landroter\" a \u00e9t\u00e9 baptis\u00e9 \"Cornalin\".   <br\/><br\/>Le Cornalin est originaire de la Vall\u00e9e d'Aoste, comme l'a d\u00e9montr\u00e9 il y a quelques ann\u00e9es le chercheur suisse Jos\u00e9 Vouillamoz \u00e0 l'Universit\u00e9 de Californie \u00e0 Davis gr\u00e2ce aux tests ADN. Le Cornalin n'en reste pas moins un c\u00e9page autochtone du Valais, issu du croisement naturel de deux c\u00e9pages vald\u00f4tains. Le c\u00e9page s'est parfaitement adapt\u00e9 aux conditions climatiques qu'il a trouv\u00e9es sur le jeune Rh\u00f4ne au fil des si\u00e8cles.  <\/p>\n<\/div>\n<\/div><\/div>\n\n<div class=\"wp-block-uagb-container uagb-block-3a219e75 alignfull uagb-is-root-container\"><div class=\"uagb-container-inner-blocks-wrap\">\n<div class=\"wp-block-uagb-container uagb-block-d80209ce\">\n<div class=\"wp-block-uagb-image uagb-block-fdc8ce1a wp-block-uagb-image--layout-default wp-block-uagb-image--effect-static wp-block-uagb-image--align-none\"><figure class=\"wp-block-uagb-image__figure\"><img decoding=\"async\" srcset=\"https:\/\/www.vitisantiqua1798.ch\/wp-content\/uploads\/2024\/03\/rebe-ernte-vitis-antiqua-1024x1024.webp ,https:\/\/www.vitisantiqua1798.ch\/wp-content\/uploads\/2024\/03\/rebe-ernte-vitis-antiqua.webp 780w, https:\/\/www.vitisantiqua1798.ch\/wp-content\/uploads\/2024\/03\/rebe-ernte-vitis-antiqua.webp 360w\" sizes=\"auto, (max-width: 480px) 150px\" src=\"https:\/\/www.vitisantiqua1798.ch\/wp-content\/uploads\/2024\/03\/rebe-ernte-vitis-antiqua-1024x1024.webp\" alt=\"Vigne renouvel\u00e9e Vitis Antiqua\" class=\"uag-image-82\" width=\"1024\" height=\"1024\" title=\"\" loading=\"lazy\" role=\"img\"><\/figure><\/div>\n<\/div>\n\n\n\n<div class=\"wp-block-uagb-container uagb-block-dc68613e\">\n<div class=\"wp-block-uagb-advanced-heading uagb-block-1912dc84\"><h2 class=\"uagb-heading-text\">Caract\u00e9ristiques vari\u00e9tales<\/h2><\/div>\n\n\n\n<p>L'extr\u00e9mit\u00e9 de la pousse du Cornalin est ouverte, vert clair bronz\u00e9 et sans poils, l\u00e9g\u00e8rement bomb\u00e9e vers le bas en cas de croissance rapide. La feuille est de taille moyenne, \u00e0 cinq lobes, vert clair, l\u00e9g\u00e8rement bomb\u00e9e, avec un bord dentel\u00e9. Les folioles sont en forme de U. Les feuilles prennent une couleur jaune-rouge intense tr\u00e8s t\u00f4t en automne. Le bois de la vigne est brun jaun\u00e2tre et fortement cannel\u00e9. Dans le vignoble, le cornalin est une plante tr\u00e8s exigeante et donc redoutable. Le d\u00e9bourrement est certes tr\u00e8s pr\u00e9coce, mais la maturit\u00e9 n'intervient que tardivement. Trois semaines apr\u00e8s le chasselas. La croissance de cette vari\u00e9t\u00e9 est vigoureuse, mais elle doit \u00eatre observ\u00e9e attentivement, soigneusement entretenue et rigoureusement ma\u00eetris\u00e9e. La grappe de Cornalin est de taille moyenne, cylindrique et tr\u00e8s compacte. Les baies sont rondes, de taille moyenne, de couleur bleu-noir. Elles ont un jus l\u00e9g\u00e8rement rouge\u00e2tre au go\u00fbt neutre.           <\/p>\n<\/div>\n<\/div><\/div>\n\n<div class=\"wp-block-uagb-container uagb-block-4c1afe61 alignfull uagb-is-root-container\"><div class=\"uagb-container-inner-blocks-wrap\">\n<div class=\"wp-block-uagb-container uagb-block-fcb89a56\">\n<div class=\"wp-block-uagb-image uagb-block-1d8cc508 wp-block-uagb-image--layout-default wp-block-uagb-image--effect-static wp-block-uagb-image--align-none\"><figure class=\"wp-block-uagb-image__figure\"><img decoding=\"async\" srcset=\"https:\/\/www.vitisantiqua1798.ch\/wp-content\/uploads\/2024\/03\/vitis-antiqua-alterebe-faesser-1024x1024.webp ,https:\/\/www.vitisantiqua1798.ch\/wp-content\/uploads\/2024\/03\/vitis-antiqua-alterebe-faesser.webp 780w, https:\/\/www.vitisantiqua1798.ch\/wp-content\/uploads\/2024\/03\/vitis-antiqua-alterebe-faesser.webp 360w\" sizes=\"auto, (max-width: 480px) 150px\" src=\"https:\/\/www.vitisantiqua1798.ch\/wp-content\/uploads\/2024\/03\/vitis-antiqua-alterebe-faesser-1024x1024.webp\" alt=\"Anciens f\u00fbts de Vitis Antiqua Leuk\" class=\"uag-image-274\" width=\"1024\" height=\"1024\" title=\"\" loading=\"lazy\" role=\"img\"><\/figure><\/div>\n<\/div>\n\n\n\n<div class=\"wp-block-uagb-container uagb-block-75515641\">\n<div class=\"wp-block-uagb-advanced-heading uagb-block-4e23692f\"><h2 class=\"uagb-heading-text\">Presque disparu<\/h2><\/div>\n\n\n\n<p>Les exigences \u00e9lev\u00e9es que ce c\u00e9page capricieux impose au viticulteur ont fait qu'au milieu du si\u00e8cle dernier, le Cornalin \u00e9tait presque introuvable dans le vignoble valaisan. Mais sa qualit\u00e9 exceptionnelle l'a finalement sauv\u00e9. Les caract\u00e9ristiques particuli\u00e8res du vin issu du Cornalin ont conduit \u00e0 une v\u00e9ritable renaissance du c\u00e9page en Valais ces derni\u00e8res ann\u00e9es. Mais il restera une raret\u00e9 dans le vignoble valaisan, car il ne pousse que dans les meilleurs endroits.   <\/p>\n<\/div>\n<\/div><\/div>\n\n<div class=\"wp-block-uagb-container uagb-block-f5e7a5dc alignfull uagb-is-root-container\"><div class=\"uagb-container-inner-blocks-wrap\">\n<div class=\"wp-block-uagb-advanced-heading uagb-block-4309f45c\"><h1 class=\"uagb-heading-text\">Pourquoi Leuk<\/h1><\/div>\n<\/div><\/div>\n\n<div class=\"wp-block-uagb-container uagb-block-350e11e1 alignfull uagb-is-root-container\"><div class=\"uagb-container-inner-blocks-wrap\">\n<div class=\"wp-block-uagb-container uagb-block-ed543820\">\n<div class=\"wp-block-uagb-image uagb-block-0dfd4cf0 wp-block-uagb-image--layout-default wp-block-uagb-image--effect-static wp-block-uagb-image--align-none\"><figure class=\"wp-block-uagb-image__figure\"><img decoding=\"async\" srcset=\"https:\/\/www.vitisantiqua1798.ch\/wp-content\/uploads\/2024\/03\/rebe-leuk-schloss-vitis-antiqua-1024x1024.jpg ,https:\/\/www.vitisantiqua1798.ch\/wp-content\/uploads\/2024\/03\/rebe-leuk-schloss-vitis-antiqua.jpg 780w, https:\/\/www.vitisantiqua1798.ch\/wp-content\/uploads\/2024\/03\/rebe-leuk-schloss-vitis-antiqua.jpg 360w\" sizes=\"auto, (max-width: 480px) 150px\" src=\"https:\/\/www.vitisantiqua1798.ch\/wp-content\/uploads\/2024\/03\/rebe-leuk-schloss-vitis-antiqua-1024x1024.jpg\" alt=\"Ch\u00e2teau de Leuk\" class=\"uag-image-83\" width=\"1024\" height=\"1024\" title=\"\" loading=\"lazy\" role=\"img\"><\/figure><\/div>\n<\/div>\n\n\n\n<div class=\"wp-block-uagb-container uagb-block-de3e96b5\">\n<div class=\"wp-block-uagb-advanced-heading uagb-block-d2e61960\"><h2 class=\"uagb-heading-text\">Les vignobles de Lo\u00e8che<\/h2><\/div>\n\n\n\n<p>La commune de Lo\u00e8che dispose d'un vignoble d'environ 70 hectares. Sur cette surface, on cultive principalement du Johannisberg, du Pinot Noir, du Gamay et des sp\u00e9cialit\u00e9s comme l'Humagne Blanc ou l'Humagne Rouge. Parmi les sp\u00e9cialit\u00e9s rouges, la plus noble est le Cornalin, qui atteint une taille exceptionnelle gr\u00e2ce aux excellentes conditions microclimatiques qui r\u00e8gnent \u00e0 Lo\u00e8che. Lo\u00e8che et son histoire. Les Romains ne furent pas les premiers \u00e0 s'installer ici, loin s'en faut. Avant eux, Leuk \u00e9tait d\u00e9j\u00e0 habit\u00e9e par des Ligures et des Celtes. Plus tard, les Alamans, les Burgondes et les Francs ont tent\u00e9 de s'y faire une place au soleil.      <\/p>\n\n\n\n<p>La ville de Lo\u00e8che a connu son plus grand essor au haut Moyen-\u00c2ge, sous le r\u00e8gne de l'\u00e9v\u00eaque de Sion, qui en a fait sa r\u00e9sidence d'\u00e9t\u00e9. Leuk doit son importance historique \u00e0 sa situation centrale. Depuis des temps imm\u00e9moriaux, le village \u00e9tait un important lieu de commerce et un carrefour du trafic est-ouest et sud-nord. Pendant des mill\u00e9naires, le col de la Gemmi a \u00e9t\u00e9 consid\u00e9r\u00e9 comme l'un des passages alpins nord-sud les plus s\u00fbrs et les plus utilis\u00e9s. De nombreux t\u00e9moins du pass\u00e9 ont \u00e9t\u00e9 conserv\u00e9s jusqu'\u00e0 aujourd'hui : le foyer romain, le ch\u00e2teau \u00e9piscopal, le c\u00e9l\u00e8bre ossuaire, l'\u00e9glise gothique Saint-\u00c9tienne et la maison Allet avec sa galerie d'art contemporain.    <\/p>\n<\/div>\n<\/div><\/div>\n","protected":false},"excerpt":{"rendered":"<p>Le Mutterstock \u00e0 Lo\u00e8che En 2003, des scientifiques des stations de recherche de W\u00e4denswil et de Birmensdorf ont confirm\u00e9, sur la base d'analyses de biologie mol\u00e9culaire, que la \"vieille vigne\" \u00e9tait un Cornalin plant\u00e9 en 1798, c'est-\u00e0-dire le plus vieux c\u00e9page Cornalin encore vivant en Suisse. Aujourd'hui encore, le pied-m\u00e8re donne un rendement au moment [&hellip;]<\/p>\n","protected":false},"author":1,"featured_media":0,"parent":0,"menu_order":0,"comment_status":"closed","ping_status":"closed","template":"","meta":{"inline_featured_image":false,"_uag_custom_page_level_css":"","slim_seo":{"description":"La souche m\u00e8re \u00e0 Lo\u00e8che. En 2003, les scientifiques ont confirm\u00e9 qu'il s'agissait d'un Cornalin plant\u00e9 en 1798.","title":"La vieille vigne - Vitis Antiqua 1798"},"footnotes":""},"class_list":["post-477","page","type-page","status-publish","hentry"],"uagb_featured_image_src":{"full":false,"thumbnail":false,"medium":false,"medium_large":false,"large":false,"1536x1536":false,"2048x2048":false},"uagb_author_info":{"display_name":"admin","author_link":"https:\/\/www.vitisantiqua1798.ch\/fr\/author\/amdinischterviat\/"},"uagb_comment_info":0,"uagb_excerpt":"Le Mutterstock \u00e0 Lo\u00e8che En 2003, des scientifiques des stations de recherche de W\u00e4denswil et de Birmensdorf ont confirm\u00e9, sur la base d'analyses de biologie mol\u00e9culaire, que la \"vieille vigne\" \u00e9tait un Cornalin plant\u00e9 en 1798, c'est-\u00e0-dire le plus vieux c\u00e9page Cornalin encore vivant en Suisse. Aujourd'hui encore, le pied-m\u00e8re donne un rendement au moment\u2026","_links":{"self":[{"href":"https:\/\/www.vitisantiqua1798.ch\/fr\/wp-json\/wp\/v2\/pages\/477","targetHints":{"allow":["GET"]}}],"collection":[{"href":"https:\/\/www.vitisantiqua1798.ch\/fr\/wp-json\/wp\/v2\/pages"}],"about":[{"href":"https:\/\/www.vitisantiqua1798.ch\/fr\/wp-json\/wp\/v2\/types\/page"}],"author":[{"embeddable":true,"href":"https:\/\/www.vitisantiqua1798.ch\/fr\/wp-json\/wp\/v2\/users\/1"}],"replies":[{"embeddable":true,"href":"https:\/\/www.vitisantiqua1798.ch\/fr\/wp-json\/wp\/v2\/comments?post=477"}],"version-history":[{"count":1,"href":"https:\/\/www.vitisantiqua1798.ch\/fr\/wp-json\/wp\/v2\/pages\/477\/revisions"}],"predecessor-version":[{"id":478,"href":"https:\/\/www.vitisantiqua1798.ch\/fr\/wp-json\/wp\/v2\/pages\/477\/revisions\/478"}],"wp:attachment":[{"href":"https:\/\/www.vitisantiqua1798.ch\/fr\/wp-json\/wp\/v2\/media?parent=477"}],"curies":[{"name":"wp","href":"https:\/\/api.w.org\/{rel}","templated":true}]}}